{"id":35814,"date":"2024-11-28T09:11:35","date_gmt":"2024-11-28T09:11:35","guid":{"rendered":"https:\/\/conchamoreno.com\/accessibility\/"},"modified":"2025-02-13T18:51:56","modified_gmt":"2025-02-13T18:51:56","slug":"accessibility","status":"publish","type":"page","link":"https:\/\/conchamoreno.com\/en\/accessibility\/","title":{"rendered":"Accessibility"},"content":{"rendered":"\t\t<div data-elementor-type=\"wp-page\" data-elementor-id=\"35814\" class=\"elementor elementor-35814 elementor-29046\" data-elementor-post-type=\"page\">\n\t\t\t\t<div class=\"elementor-element elementor-element-22d2afb e-flex e-con-boxed e-con e-parent\" data-id=\"22d2afb\" data-element_type=\"container\" data-e-type=\"container\">\n\t\t\t\t\t<div class=\"e-con-inner\">\n\t\t\t\t<div class=\"elementor-element elementor-element-e461d14 elementor-widget elementor-widget-text-editor\" data-id=\"e461d14\" data-element_type=\"widget\" data-e-type=\"widget\" data-widget_type=\"text-editor.default\">\n\t\t\t\t<div class=\"elementor-widget-container\">\n\t\t\t\t\t\t\t\t\t<p>The website <a href=\"https:\/\/conchamoreno.com\/en\/\">conchamoreno.com\/<\/a> owned by CONCHA MORENO S.L, undertakes to ensure that the aforementioned website is accessible in accordance with Royal Decree 1112\/2018, of September 7, on accessibility of public sector websites and applications for mobile devices.<\/p>\n<p>This accessibility statement applies to the <a href=\"https:\/\/conchamoreno.com\/en\/\">https:\/\/conchamoreno.com\/<\/a> website.<\/p>\n<p>COMPLIANCE STATUS<\/p>\n<p>This website is partially compliant with RD 1112\/2018 due to the exceptions and non-compliance of the aspects indicated in the following point.<\/p>\n<p>CONTENT NOT ACCESSIBLE<\/p>\n<p>The content that is not accessible according to RD 1112\/2018 is reported below.<\/p>\n<p>In some Forms the Input Field that collects User Information does not have an identified purpose.  [Requisito N\u00famero 9.1.3.5 de la Norma UNE-EN 301549:2021-03 Identificaci\u00f3n del Prop\u00f3sito de Entrada].<br \/>In some Pages the User Interface components such as Form elements, Links and Script generated components do not follow the structure recommended by the Accessibility guidelines [Requirement Number 9.4.1.2 of the Standard UNE-EN 301549:2021-03 Name, Function, Value].<br \/>Occasionally there may be some images that are not labeled or have a Generic Text Alternative.  [Requisito N\u00famero 10.1.1.1 de la Norma UNE-EN 301549:2021-03 Contenido no Textual].<br \/>In some Pages some elements do not have the Keyboard focus.  [Requisito N\u00famero 9.2.1.1 de la Norma UNE-EN 301549:2021-03 Teclado].<br \/>Occasionally, some automatic context change may occur in a Form without warning the User.  [Requisito N\u00famero 9.3.3.2 de la Norma UNE-EN 301549:2021-03 Etiquetas e Instrucciones].<br \/>Content that does not fall within the Scope of the applicable Legislation:<\/p>\n<p>There may be office files in PDF or other formats that do not fully meet all accessibility requirements.<\/p>\n<p>PREPARATION OF THIS ACCESSIBILITY STATEMENT<\/p>\n<p>This statement was prepared on November 1, 2024.<\/p>\n<p>The method used to prepare the statement was a self-assessment carried out by the company that developed the web platform (Grupo On Market S.L.).<\/p>\n<p>COMMENTS AND CONTACT INFORMATION<\/p>\n<p>You can make communications about accessibility requirements (article 10.2.a of RD 1112\/2018) such as:<\/p>\n<p>To report any possible non-compliance by this website<br \/>To transmit other difficulties of access to the content<br \/>To formulate any other consultation or suggestion of improvement related to the accessibility of the website<br \/>Through the contact form of this website.<\/p>\n<p>You can submit:<\/p>\n<p>Complaint regarding compliance with the requirements of RD 1112\/2018 or<br \/>Request for Accessible Information relating to:<br \/>&#8211; Contents that are excluded from the scope of application of RD 1112\/2018 as established by Article 3, paragraph 4.<\/p>\n<p>&#8211; Content that is exempt from compliance with accessibility requirements because it imposes a disproportionate burden.<\/p>\n<p>In the Request for Accessible Information, the facts, reasons and request must be clearly stated to show that it is a reasonable and legitimate request.<\/p>\n<p>Complaints and claims about accessible information will be made by e-mail, replying to messages received through the form.<\/p>\n<p>OPTIONAL CONTENT<\/p>\n<p>This portal is designed to be able to change the text size and color, as well as the background of the page using standard browser settings.<\/p>\n<p>If you want to change the font size of the text in the main graphic browsers use the following menus:<\/p>\n<p>Internet Explorer, Mozilla and Firefox: See &gt; Text size<br \/>Opera: See &gt; Zoom<br \/>Safari: See &gt; Make text bigger<br \/>Chrome: Control the current page &gt; Text size<br \/>To modify the size of everything on the page:<\/p>\n<p>Ctrl + + to zoom in<br \/>Ctrl + &#8211; to zoom out<br \/>Ctrl + 0 restores the original text size<br \/>If you want to override the stylesheet or change the text color, you can consult the WAI&#8217;s How to Change Text Size or Colors page, which can be read in Spanish at \u00bfC\u00f3mo cambiar el tama\u00f1o del texto o colores?<\/p>\n\t\t\t\t\t\t\t\t<\/div>\n\t\t\t\t<\/div>\n\t\t\t\t\t<\/div>\n\t\t\t\t<\/div>\n\t\t\t\t<\/div>\n\t\t","protected":false},"excerpt":{"rendered":"<p>The website conchamoreno.com\/ owned by CONCHA MORENO S.L, undertakes to ensure that the aforementioned website is accessible in accordance with Royal Decree 1112\/2018, of September 7, on accessibility of public sector websites and applications for mobile devices. This accessibility statement applies to the https:\/\/conchamoreno.com\/ website. COMPLIANCE STATUS This website is partially compliant with RD 1112\/2018 [&hellip;]<\/p>\n","protected":false},"author":266,"featured_media":0,"parent":0,"menu_order":0,"comment_status":"closed","ping_status":"closed","template":"","meta":{"_joinchat":[],"footnotes":""},"class_list":["post-35814","page","type-page","status-publish","hentry"],"yoast_head":"<!-- This site is optimized with the Yoast SEO plugin v27.0 - https:\/\/yoast.com\/product\/yoast-seo-wordpress\/ -->\n<title>Accessibility - Concha Moreno - Alquiler de apartamentos en Oropesa<\/title>\n<meta name=\"robots\" content=\"noindex, nofollow\" \/>\n<meta property=\"og:locale\" content=\"en_US\" \/>\n<meta property=\"og:type\" content=\"article\" \/>\n<meta property=\"og:title\" content=\"Accessibility - Concha Moreno - Alquiler de apartamentos en Oropesa\" \/>\n<meta property=\"og:description\" content=\"The website conchamoreno.com\/ owned by CONCHA MORENO S.L, undertakes to ensure that the aforementioned website is accessible in accordance with Royal Decree 1112\/2018, of September 7, on accessibility of public sector websites and applications for mobile devices. This accessibility statement applies to the https:\/\/conchamoreno.com\/ website. COMPLIANCE STATUS This website is partially compliant with RD 1112\/2018 [&hellip;]\" \/>\n<meta property=\"og:url\" content=\"https:\/\/conchamoreno.com\/en\/accessibility\/\" \/>\n<meta property=\"og:site_name\" content=\"Concha Moreno - Alquiler de apartamentos en Oropesa\" \/>\n<meta property=\"article:modified_time\" content=\"2025-02-13T18:51:56+00:00\" \/>\n<meta name=\"twitter:card\" content=\"summary_large_image\" \/>\n<meta name=\"twitter:label1\" content=\"Est. reading time\" \/>\n\t<meta name=\"twitter:data1\" content=\"3 minutes\" \/>\n<script type=\"application\/ld+json\" class=\"yoast-schema-graph\">{\"@context\":\"https:\/\/schema.org\",\"@graph\":[{\"@type\":\"WebPage\",\"@id\":\"https:\/\/conchamoreno.com\/en\/accessibility\/\",\"url\":\"https:\/\/conchamoreno.com\/en\/accessibility\/\",\"name\":\"Accessibility - Concha Moreno - Alquiler de apartamentos en Oropesa\",\"isPartOf\":{\"@id\":\"https:\/\/conchamoreno.com\/#website\"},\"datePublished\":\"2024-11-28T09:11:35+00:00\",\"dateModified\":\"2025-02-13T18:51:56+00:00\",\"breadcrumb\":{\"@id\":\"https:\/\/conchamoreno.com\/en\/accessibility\/#breadcrumb\"},\"inLanguage\":\"en-US\",\"potentialAction\":[{\"@type\":\"ReadAction\",\"target\":[\"https:\/\/conchamoreno.com\/en\/accessibility\/\"]}]},{\"@type\":\"BreadcrumbList\",\"@id\":\"https:\/\/conchamoreno.com\/en\/accessibility\/#breadcrumb\",\"itemListElement\":[{\"@type\":\"ListItem\",\"position\":1,\"name\":\"Portada\",\"item\":\"https:\/\/conchamoreno.com\/en\/real-estate-in-oropesa-del-mar\/\"},{\"@type\":\"ListItem\",\"position\":2,\"name\":\"Accessibility\"}]},{\"@type\":\"WebSite\",\"@id\":\"https:\/\/conchamoreno.com\/#website\",\"url\":\"https:\/\/conchamoreno.com\/\",\"name\":\"Concha Moreno - Alquiler de apartamentos en Oropesa\",\"description\":\"Inmobiliaria en Oropesa del Mar especializada en el alquiler vacacional. Gestionamos la venta y el alquiler de villas, casas y apartamentos en Oropesa del Mar.\",\"publisher\":{\"@id\":\"https:\/\/conchamoreno.com\/#organization\"},\"potentialAction\":[{\"@type\":\"SearchAction\",\"target\":{\"@type\":\"EntryPoint\",\"urlTemplate\":\"https:\/\/conchamoreno.com\/?s={search_term_string}\"},\"query-input\":{\"@type\":\"PropertyValueSpecification\",\"valueRequired\":true,\"valueName\":\"search_term_string\"}}],\"inLanguage\":\"en-US\"},{\"@type\":\"Organization\",\"@id\":\"https:\/\/conchamoreno.com\/#organization\",\"name\":\"Concha Moreno - Alquiler de apartamentos en Oropesa\",\"url\":\"https:\/\/conchamoreno.com\/\",\"logo\":{\"@type\":\"ImageObject\",\"inLanguage\":\"en-US\",\"@id\":\"https:\/\/conchamoreno.com\/#\/schema\/logo\/image\/\",\"url\":\"https:\/\/conchamoreno.com\/wp-content\/uploads\/2024\/03\/Logo_Concha-Moreno_Inmobiliaria.jpg\",\"contentUrl\":\"https:\/\/conchamoreno.com\/wp-content\/uploads\/2024\/03\/Logo_Concha-Moreno_Inmobiliaria.jpg\",\"width\":500,\"height\":500,\"caption\":\"Concha Moreno - Alquiler de apartamentos en Oropesa\"},\"image\":{\"@id\":\"https:\/\/conchamoreno.com\/#\/schema\/logo\/image\/\"}}]}<\/script>\n<!-- \/ Yoast SEO plugin. -->","yoast_head_json":{"title":"Accessibility - Concha Moreno - Alquiler de apartamentos en Oropesa","robots":{"index":"noindex","follow":"nofollow"},"og_locale":"en_US","og_type":"article","og_title":"Accessibility - Concha Moreno - Alquiler de apartamentos en Oropesa","og_description":"The website conchamoreno.com\/ owned by CONCHA MORENO S.L, undertakes to ensure that the aforementioned website is accessible in accordance with Royal Decree 1112\/2018, of September 7, on accessibility of public sector websites and applications for mobile devices. This accessibility statement applies to the https:\/\/conchamoreno.com\/ website. COMPLIANCE STATUS This website is partially compliant with RD 1112\/2018 [&hellip;]","og_url":"https:\/\/conchamoreno.com\/en\/accessibility\/","og_site_name":"Concha Moreno - Alquiler de apartamentos en Oropesa","article_modified_time":"2025-02-13T18:51:56+00:00","twitter_card":"summary_large_image","twitter_misc":{"Est. reading time":"3 minutes"},"schema":{"@context":"https:\/\/schema.org","@graph":[{"@type":"WebPage","@id":"https:\/\/conchamoreno.com\/en\/accessibility\/","url":"https:\/\/conchamoreno.com\/en\/accessibility\/","name":"Accessibility - Concha Moreno - Alquiler de apartamentos en Oropesa","isPartOf":{"@id":"https:\/\/conchamoreno.com\/#website"},"datePublished":"2024-11-28T09:11:35+00:00","dateModified":"2025-02-13T18:51:56+00:00","breadcrumb":{"@id":"https:\/\/conchamoreno.com\/en\/accessibility\/#breadcrumb"},"inLanguage":"en-US","potentialAction":[{"@type":"ReadAction","target":["https:\/\/conchamoreno.com\/en\/accessibility\/"]}]},{"@type":"BreadcrumbList","@id":"https:\/\/conchamoreno.com\/en\/accessibility\/#breadcrumb","itemListElement":[{"@type":"ListItem","position":1,"name":"Portada","item":"https:\/\/conchamoreno.com\/en\/real-estate-in-oropesa-del-mar\/"},{"@type":"ListItem","position":2,"name":"Accessibility"}]},{"@type":"WebSite","@id":"https:\/\/conchamoreno.com\/#website","url":"https:\/\/conchamoreno.com\/","name":"Concha Moreno - Alquiler de apartamentos en Oropesa","description":"Inmobiliaria en Oropesa del Mar especializada en el alquiler vacacional. Gestionamos la venta y el alquiler de villas, casas y apartamentos en Oropesa del Mar.","publisher":{"@id":"https:\/\/conchamoreno.com\/#organization"},"potentialAction":[{"@type":"SearchAction","target":{"@type":"EntryPoint","urlTemplate":"https:\/\/conchamoreno.com\/?s={search_term_string}"},"query-input":{"@type":"PropertyValueSpecification","valueRequired":true,"valueName":"search_term_string"}}],"inLanguage":"en-US"},{"@type":"Organization","@id":"https:\/\/conchamoreno.com\/#organization","name":"Concha Moreno - Alquiler de apartamentos en Oropesa","url":"https:\/\/conchamoreno.com\/","logo":{"@type":"ImageObject","inLanguage":"en-US","@id":"https:\/\/conchamoreno.com\/#\/schema\/logo\/image\/","url":"https:\/\/conchamoreno.com\/wp-content\/uploads\/2024\/03\/Logo_Concha-Moreno_Inmobiliaria.jpg","contentUrl":"https:\/\/conchamoreno.com\/wp-content\/uploads\/2024\/03\/Logo_Concha-Moreno_Inmobiliaria.jpg","width":500,"height":500,"caption":"Concha Moreno - Alquiler de apartamentos en Oropesa"},"image":{"@id":"https:\/\/conchamoreno.com\/#\/schema\/logo\/image\/"}}]}},"_links":{"self":[{"href":"https:\/\/conchamoreno.com\/en\/wp-json\/wp\/v2\/pages\/35814","targetHints":{"allow":["GET"]}}],"collection":[{"href":"https:\/\/conchamoreno.com\/en\/wp-json\/wp\/v2\/pages"}],"about":[{"href":"https:\/\/conchamoreno.com\/en\/wp-json\/wp\/v2\/types\/page"}],"author":[{"embeddable":true,"href":"https:\/\/conchamoreno.com\/en\/wp-json\/wp\/v2\/users\/266"}],"replies":[{"embeddable":true,"href":"https:\/\/conchamoreno.com\/en\/wp-json\/wp\/v2\/comments?post=35814"}],"version-history":[{"count":1,"href":"https:\/\/conchamoreno.com\/en\/wp-json\/wp\/v2\/pages\/35814\/revisions"}],"predecessor-version":[{"id":35815,"href":"https:\/\/conchamoreno.com\/en\/wp-json\/wp\/v2\/pages\/35814\/revisions\/35815"}],"wp:attachment":[{"href":"https:\/\/conchamoreno.com\/en\/wp-json\/wp\/v2\/media?parent=35814"}],"curies":[{"name":"wp","href":"https:\/\/api.w.org\/{rel}","templated":true}]}}