{"id":35808,"date":"2024-05-27T11:00:04","date_gmt":"2024-05-27T11:00:04","guid":{"rendered":"https:\/\/conchamoreno.com\/avis-juridique\/"},"modified":"2025-02-13T18:31:51","modified_gmt":"2025-02-13T18:31:51","slug":"avis-juridique","status":"publish","type":"page","link":"https:\/\/conchamoreno.com\/fr\/avis-juridique\/","title":{"rendered":"Avis juridique"},"content":{"rendered":"\t\t<div data-elementor-type=\"wp-page\" data-elementor-id=\"35808\" class=\"elementor elementor-35808 elementor-14458\" data-elementor-post-type=\"page\">\n\t\t\t\t<div class=\"elementor-element elementor-element-af4032c e-flex e-con-boxed e-con e-parent\" data-id=\"af4032c\" data-element_type=\"container\" data-e-type=\"container\">\n\t\t\t\t\t<div class=\"e-con-inner\">\n\t\t\t\t<div class=\"elementor-element elementor-element-455eb6a elementor-widget elementor-widget-heading\" data-id=\"455eb6a\" data-element_type=\"widget\" data-e-type=\"widget\" data-widget_type=\"heading.default\">\n\t\t\t\t<div class=\"elementor-widget-container\">\n\t\t\t\t\t<h2 class=\"elementor-heading-title elementor-size-default\">Loi sur les services de la soci\u00e9t\u00e9 de l'information (LSSI)<\/h2>\t\t\t\t<\/div>\n\t\t\t\t<\/div>\n\t\t\t\t<div class=\"elementor-element elementor-element-af6a4d2 elementor-widget elementor-widget-text-editor\" data-id=\"af6a4d2\" data-element_type=\"widget\" data-e-type=\"widget\" data-widget_type=\"text-editor.default\">\n\t\t\t\t<div class=\"elementor-widget-container\">\n\t\t\t\t\t\t\t\t\t<p>CONCHA MORENO S.L., responsable du site web, ci-apr\u00e8s d\u00e9nomm\u00e9 RESPONSABLE, met \u00e0 la disposition des utilisateurs le pr\u00e9sent document, dans le but de respecter les obligations pr\u00e9vues par la loi 34\/2002, du 11 juillet, sur les services de la soci\u00e9t\u00e9 de l&#8217;information et le commerce \u00e9lectronique (LSSICE), BOE n\u00ba 166, ainsi que pour informer tous les utilisateurs du site web de ses conditions d&#8217;utilisation.<br \/>Toute personne acc\u00e9dant \u00e0 ce site web assume le r\u00f4le d&#8217;utilisateur et s&#8217;engage \u00e0 observer et \u00e0 respecter scrupuleusement les dispositions du pr\u00e9sent document, ainsi que toute autre disposition l\u00e9gale applicable.<br \/>CONCHA MORENO S.L. se r\u00e9serve le droit de modifier tout type d&#8217;information pouvant figurer sur le site Web, sans obligation de pr\u00e9avis ni d&#8217;information des utilisateurs, la publication sur le site Web de CONCHA MORENO S.L. \u00e9tant consid\u00e9r\u00e9e comme suffisante.<\/p>\n\t\t\t\t\t\t\t\t<\/div>\n\t\t\t\t<\/div>\n\t\t\t\t<div class=\"elementor-element elementor-element-0b6655d elementor-widget elementor-widget-heading\" data-id=\"0b6655d\" data-element_type=\"widget\" data-e-type=\"widget\" data-widget_type=\"heading.default\">\n\t\t\t\t<div class=\"elementor-widget-container\">\n\t\t\t\t\t<h3 class=\"elementor-heading-title elementor-size-default\">1.- Donn\u00e9es d'identification<\/h3>\t\t\t\t<\/div>\n\t\t\t\t<\/div>\n\t\t\t\t<div class=\"elementor-element elementor-element-7486a9e elementor-widget elementor-widget-text-editor\" data-id=\"7486a9e\" data-element_type=\"widget\" data-e-type=\"widget\" data-widget_type=\"text-editor.default\">\n\t\t\t\t<div class=\"elementor-widget-container\">\n\t\t\t\t\t\t\t\t\t<ul>\n<li>Nom de domaine : www.conchamoreno.com<\/li>\n<li>Nom commercial : CONCHA MORENO<\/li>\n<li>Nom de l&#8217;entreprise : CONCHA MORENO S.L.<\/li>\n<li>NUM\u00c9RO DE TVA : B12975470<\/li>\n<li>Si\u00e8ge social : CALLE TERUEL N.\u00ba 4, LOCAL 1<\/li>\n<li>T\u00e9l\u00e9phone : 964316119<\/li>\n<li>Courriel : .CONCHA@CONCHAMORENO.COM<\/li>\n<\/ul>\n\t\t\t\t\t\t\t\t<\/div>\n\t\t\t\t<\/div>\n\t\t\t\t<div class=\"elementor-element elementor-element-b816a9a elementor-widget elementor-widget-heading\" data-id=\"b816a9a\" data-element_type=\"widget\" data-e-type=\"widget\" data-widget_type=\"heading.default\">\n\t\t\t\t<div class=\"elementor-widget-container\">\n\t\t\t\t\t<h3 class=\"elementor-heading-title elementor-size-default\">Droits de propri\u00e9t\u00e9 intellectuelle et industrielle<\/h3>\t\t\t\t<\/div>\n\t\t\t\t<\/div>\n\t\t\t\t<div class=\"elementor-element elementor-element-d3ffb83 elementor-widget elementor-widget-text-editor\" data-id=\"d3ffb83\" data-element_type=\"widget\" data-e-type=\"widget\" data-widget_type=\"text-editor.default\">\n\t\t\t\t<div class=\"elementor-widget-container\">\n\t\t\t\t\t\t\t\t\t<p>Le site Web, y compris, mais sans s&#8217;y limiter, sa programmation, son \u00e9dition, sa compilation et les autres \u00e9l\u00e9ments n\u00e9cessaires \u00e0 son fonctionnement, les dessins, les logos, les textes et\/ou les graphiques, sont la propri\u00e9t\u00e9 du RESPONSABLE ou, le cas \u00e9ch\u00e9ant, font l&#8217;objet d&#8217;une licence ou d&#8217;une autorisation expresse de la part des auteurs.<br \/>Tous les contenus du site Web sont d\u00fbment prot\u00e9g\u00e9s par la r\u00e9glementation en mati\u00e8re de propri\u00e9t\u00e9 intellectuelle et industrielle, ainsi qu&#8217;inscrits dans les registres publics correspondants. Ind\u00e9pendamment de la finalit\u00e9 \u00e0 laquelle ils sont destin\u00e9s, la reproduction, l&#8217;utilisation, l&#8217;exploitation, la distribution et la commercialisation, totales ou partielles, requi\u00e8rent dans tous les cas l&#8217;autorisation \u00e9crite pr\u00e9alable du RESPONSABLE.<br \/>Toute utilisation non autoris\u00e9e au pr\u00e9alable est consid\u00e9r\u00e9e comme une violation grave des droits de propri\u00e9t\u00e9 intellectuelle ou industrielle de l&#8217;auteur. Les dessins, logos, textes et\/ou graphiques qui n&#8217;appartiennent pas au RESPONSABLE et qui peuvent appara\u00eetre sur le site web appartiennent \u00e0 leurs propri\u00e9taires respectifs, et ces derniers sont eux-m\u00eames responsables de toute controverse \u00e9ventuelle qui pourrait survenir \u00e0 leur sujet. Le RESPONSABLE autorise express\u00e9ment les tiers \u00e0 rediriger directement vers les contenus sp\u00e9cifiques du site, et dans tous les cas \u00e0 rediriger vers le site principal www.conchamoreno.com.   <br \/>Le RESPONSABLE reconna\u00eet les droits de propri\u00e9t\u00e9 intellectuelle et industrielle correspondants en faveur de leurs propri\u00e9taires, et leur simple mention ou apparition sur le site web n&#8217;implique l&#8217;existence d&#8217;aucun droit ou responsabilit\u00e9 de quelque nature que ce soit \u00e0 leur \u00e9gard, ni aucune approbation, parrainage ou recommandation de leur part.<br \/>Pour faire des commentaires sur d&#8217;\u00e9ventuelles violations des droits de propri\u00e9t\u00e9 intellectuelle ou industrielle, ainsi que sur n&#8217;importe quel contenu du site web, vous pouvez envoyer un courrier \u00e9lectronique \u00e0 CONCHA@CONCHAMORENO.COM.<\/p>\n\t\t\t\t\t\t\t\t<\/div>\n\t\t\t\t<\/div>\n\t\t\t\t<div class=\"elementor-element elementor-element-e3744e4 elementor-widget elementor-widget-heading\" data-id=\"e3744e4\" data-element_type=\"widget\" data-e-type=\"widget\" data-widget_type=\"heading.default\">\n\t\t\t\t<div class=\"elementor-widget-container\">\n\t\t\t\t\t<h3 class=\"elementor-heading-title elementor-size-default\">3.- Exon\u00e9ration de responsabilit\u00e9<\/h3>\t\t\t\t<\/div>\n\t\t\t\t<\/div>\n\t\t\t\t<div class=\"elementor-element elementor-element-65a6879 elementor-widget elementor-widget-text-editor\" data-id=\"65a6879\" data-element_type=\"widget\" data-e-type=\"widget\" data-widget_type=\"text-editor.default\">\n\t\t\t\t<div class=\"elementor-widget-container\">\n\t\t\t\t\t\t\t\t\t<p>Le RESPONSABLE est exon\u00e9r\u00e9 de tout type de responsabilit\u00e9 d\u00e9riv\u00e9e des informations publi\u00e9es sur son site web \u00e0 condition qu&#8217;il n&#8217;ait pas connaissance effective que ces informations ont \u00e9t\u00e9 manipul\u00e9es ou introduites par un tiers ext\u00e9rieur \u00e0 celui-ci ou, si c&#8217;est le cas, qu&#8217;il ait agi avec diligence pour retirer les donn\u00e9es ou rendre l&#8217;acc\u00e8s \u00e0 celles-ci impossible.<\/p>\n\t\t\t\t\t\t\t\t<\/div>\n\t\t\t\t<\/div>\n\t\t\t\t<div class=\"elementor-element elementor-element-181f6e3 elementor-widget elementor-widget-heading\" data-id=\"181f6e3\" data-element_type=\"widget\" data-e-type=\"widget\" data-widget_type=\"heading.default\">\n\t\t\t\t<div class=\"elementor-widget-container\">\n\t\t\t\t\t<h3 class=\"elementor-heading-title elementor-size-default\">Utilisation de cookies<\/h3>\t\t\t\t<\/div>\n\t\t\t\t<\/div>\n\t\t\t\t<div class=\"elementor-element elementor-element-a052c82 elementor-widget elementor-widget-text-editor\" data-id=\"a052c82\" data-element_type=\"widget\" data-e-type=\"widget\" data-widget_type=\"text-editor.default\">\n\t\t\t\t<div class=\"elementor-widget-container\">\n\t\t\t\t\t\t\t\t\t<p>Ce site web peut utiliser des cookies techniques (petits fichiers d&#8217;information que le serveur envoie \u00e0 l&#8217;ordinateur de la personne qui acc\u00e8de \u00e0 la page) pour ex\u00e9cuter certaines fonctions consid\u00e9r\u00e9es comme essentielles au bon fonctionnement et \u00e0 la visualisation du site. Les cookies utilis\u00e9s sont, dans tous les cas, de nature temporaire, dans le seul but de rendre la navigation plus efficace, et disparaissent \u00e0 la fin de la session de l&#8217;utilisateur.<br \/>En aucun cas ces cookies ne fournissent eux-m\u00eames des donn\u00e9es personnelles et ils ne seront pas utilis\u00e9s pour collecter de telles donn\u00e9es. Gr\u00e2ce \u00e0 l&#8217;utilisation de cookies, il est \u00e9galement possible que le serveur o\u00f9 se trouve le site reconnaisse le navigateur utilis\u00e9 par l&#8217;utilisateur afin de faciliter la navigation, en permettant, par exemple, aux utilisateurs qui se sont pr\u00e9alablement enregistr\u00e9s d&#8217;acc\u00e9der aux zones, services, promotions ou concours qui leur sont exclusivement r\u00e9serv\u00e9s sans avoir \u00e0 s&#8217;enregistrer lors de chaque visite. Ils peuvent \u00e9galement \u00eatre utilis\u00e9s pour mesurer l&#8217;audience, les param\u00e8tres de trafic, contr\u00f4ler le d\u00e9roulement et le nombre d&#8217;inscriptions, etc., \u00e9tant dans ces cas des cookies techniquement dispensables, mais b\u00e9n\u00e9fiques pour l&#8217;utilisateur.<br \/>Ce site web n&#8217;installera pas de cookies dispensables sans le consentement pr\u00e9alable de l&#8217;utilisateur. L&#8217;utilisateur a la possibilit\u00e9 de configurer son navigateur pour \u00eatre alert\u00e9 de la r\u00e9ception de cookies et pour emp\u00eacher leur installation sur son \u00e9quipement. Veuillez consulter les instructions de votre navigateur pour de plus amples informations.     <\/p>\n\t\t\t\t\t\t\t\t<\/div>\n\t\t\t\t<\/div>\n\t\t\t\t<div class=\"elementor-element elementor-element-d5f0288 elementor-widget elementor-widget-heading\" data-id=\"d5f0288\" data-element_type=\"widget\" data-e-type=\"widget\" data-widget_type=\"heading.default\">\n\t\t\t\t<div class=\"elementor-widget-container\">\n\t\t\t\t\t<h3 class=\"elementor-heading-title elementor-size-default\">Politique de liaison<\/h3>\t\t\t\t<\/div>\n\t\t\t\t<\/div>\n\t\t\t\t<div class=\"elementor-element elementor-element-107031b elementor-widget elementor-widget-text-editor\" data-id=\"107031b\" data-element_type=\"widget\" data-e-type=\"widget\" data-widget_type=\"text-editor.default\">\n\t\t\t\t<div class=\"elementor-widget-container\">\n\t\t\t\t\t\t\t\t\t<p>Depuis le site web, il est possible que vous soyez redirig\u00e9 vers des contenus de sites web de tiers. \u00c9tant donn\u00e9 que le RESPONSABLE ne peut pas toujours contr\u00f4ler les contenus introduits par des tiers sur leurs sites web respectifs, il n&#8217;assume aucun type de responsabilit\u00e9 \u00e0 l&#8217;\u00e9gard desdits contenus.<br \/>Dans tous les cas, il retirera imm\u00e9diatement tout contenu susceptible de contrevenir \u00e0 la l\u00e9gislation nationale ou internationale, \u00e0 la morale ou \u00e0 l&#8217;ordre public, en proc\u00e9dant au retrait imm\u00e9diat de la redirection vers ledit site web, en informant les autorit\u00e9s comp\u00e9tentes du contenu en question. Le RESPONSABLE n&#8217;est pas responsable des informations et des contenus stock\u00e9s, y compris, mais sans s&#8217;y limiter, dans les forums, les chats, les g\u00e9n\u00e9rateurs de blogs, les commentaires, les r\u00e9seaux sociaux ou tout autre support permettant \u00e0 des tiers de publier des contenus de mani\u00e8re ind\u00e9pendante sur le site web du RESPONSABLE. Toutefois, et conform\u00e9ment aux dispositions des articles 11 et 16 de la LSSICE, il se met \u00e0 la disposition de tous les utilisateurs, autorit\u00e9s et forces de s\u00e9curit\u00e9, en collaborant activement au retrait ou, le cas \u00e9ch\u00e9ant, au blocage de tous les contenus susceptibles d&#8217;affecter ou de contrevenir \u00e0 la l\u00e9gislation nationale ou internationale, aux droits des tiers ou \u00e0 la morale et \u00e0 l&#8217;ordre public.<br \/>Si l&#8217;utilisateur consid\u00e8re qu&#8217;il existe sur le site un contenu susceptible d&#8217;\u00eatre class\u00e9 dans cette cat\u00e9gorie, il est pri\u00e9 d&#8217;en informer imm\u00e9diatement l&#8217;administrateur du site. Ce site a \u00e9t\u00e9 v\u00e9rifi\u00e9 et test\u00e9 afin d&#8217;en garantir le bon fonctionnement. En principe, son bon fonctionnement peut \u00eatre garanti 365 jours par an et 24 heures par jour. Toutefois, le RESPONSABLE n&#8217;exclut pas la possibilit\u00e9 de certaines erreurs de programmation ou la survenance de cas de force majeure, de catastrophes naturelles, de gr\u00e8ves ou de circonstances similaires rendant impossible l&#8217;acc\u00e8s au site web.      <\/p>\n\t\t\t\t\t\t\t\t<\/div>\n\t\t\t\t<\/div>\n\t\t\t\t<div class=\"elementor-element elementor-element-fb2cd2c elementor-widget elementor-widget-heading\" data-id=\"fb2cd2c\" data-element_type=\"widget\" data-e-type=\"widget\" data-widget_type=\"heading.default\">\n\t\t\t\t<div class=\"elementor-widget-container\">\n\t\t\t\t\t<h3 class=\"elementor-heading-title elementor-size-default\">Droit applicable et juridiction<\/h3>\t\t\t\t<\/div>\n\t\t\t\t<\/div>\n\t\t\t\t<div class=\"elementor-element elementor-element-32a1422 elementor-widget elementor-widget-text-editor\" data-id=\"32a1422\" data-element_type=\"widget\" data-e-type=\"widget\" data-widget_type=\"text-editor.default\">\n\t\t\t\t<div class=\"elementor-widget-container\">\n\t\t\t\t\t\t\t\t\t<p>Pour la r\u00e9solution de tous les litiges ou questions li\u00e9s \u00e0 ce site web ou aux activit\u00e9s qui y sont r\u00e9alis\u00e9es, la l\u00e9gislation espagnole s&#8217;applique, \u00e0 laquelle les parties se soumettent express\u00e9ment, et les tribunaux du domicile de l&#8217;UTILISATEUR ou du lieu d&#8217;ex\u00e9cution de l&#8217;obligation sont comp\u00e9tents pour la r\u00e9solution de tous les litiges d\u00e9coulant de l&#8217;utilisation de ce site ou li\u00e9s \u00e0 celle-ci.<\/p>\n\t\t\t\t\t\t\t\t<\/div>\n\t\t\t\t<\/div>\n\t\t\t\t\t<\/div>\n\t\t\t\t<\/div>\n\t\t\t\t<\/div>\n\t\t","protected":false},"excerpt":{"rendered":"<p>Loi sur les services de la soci\u00e9t\u00e9 de l&#8217;information (LSSI) CONCHA MORENO S.L., responsable du site web, ci-apr\u00e8s d\u00e9nomm\u00e9 RESPONSABLE, met \u00e0 la disposition des utilisateurs le pr\u00e9sent document, dans le but de respecter les obligations pr\u00e9vues par la loi 34\/2002, du 11 juillet, sur les services de la soci\u00e9t\u00e9 de l&#8217;information et le commerce [&hellip;]<\/p>\n","protected":false},"author":266,"featured_media":0,"parent":0,"menu_order":0,"comment_status":"closed","ping_status":"closed","template":"","meta":{"_joinchat":[],"footnotes":""},"class_list":["post-35808","page","type-page","status-publish","hentry"],"yoast_head":"<!-- This site is optimized with the Yoast SEO plugin v27.0 - https:\/\/yoast.com\/product\/yoast-seo-wordpress\/ -->\n<title>Avis juridique - Concha Moreno - Alquiler de apartamentos en Oropesa<\/title>\n<meta name=\"robots\" content=\"index, follow, max-snippet:-1, max-image-preview:large, max-video-preview:-1\" \/>\n<link rel=\"canonical\" href=\"https:\/\/conchamoreno.com\/fr\/avis-juridique\/\" \/>\n<meta property=\"og:locale\" content=\"fr_FR\" \/>\n<meta property=\"og:type\" content=\"article\" \/>\n<meta property=\"og:title\" content=\"Avis juridique - Concha Moreno - Alquiler de apartamentos en Oropesa\" \/>\n<meta property=\"og:description\" content=\"Loi sur les services de la soci\u00e9t\u00e9 de l&#8217;information (LSSI) CONCHA MORENO S.L., responsable du site web, ci-apr\u00e8s d\u00e9nomm\u00e9 RESPONSABLE, met \u00e0 la disposition des utilisateurs le pr\u00e9sent document, dans le but de respecter les obligations pr\u00e9vues par la loi 34\/2002, du 11 juillet, sur les services de la soci\u00e9t\u00e9 de l&#8217;information et le commerce [&hellip;]\" \/>\n<meta property=\"og:url\" content=\"https:\/\/conchamoreno.com\/fr\/avis-juridique\/\" \/>\n<meta property=\"og:site_name\" content=\"Concha Moreno - Alquiler de apartamentos en Oropesa\" \/>\n<meta property=\"article:modified_time\" content=\"2025-02-13T18:31:51+00:00\" \/>\n<meta name=\"twitter:card\" content=\"summary_large_image\" \/>\n<meta name=\"twitter:label1\" content=\"Dur\u00e9e de lecture estim\u00e9e\" \/>\n\t<meta name=\"twitter:data1\" content=\"6 minutes\" \/>\n<script type=\"application\/ld+json\" class=\"yoast-schema-graph\">{\"@context\":\"https:\/\/schema.org\",\"@graph\":[{\"@type\":\"WebPage\",\"@id\":\"https:\/\/conchamoreno.com\/fr\/avis-juridique\/\",\"url\":\"https:\/\/conchamoreno.com\/fr\/avis-juridique\/\",\"name\":\"Avis juridique - Concha Moreno - Alquiler de apartamentos en Oropesa\",\"isPartOf\":{\"@id\":\"https:\/\/conchamoreno.com\/#website\"},\"datePublished\":\"2024-05-27T11:00:04+00:00\",\"dateModified\":\"2025-02-13T18:31:51+00:00\",\"breadcrumb\":{\"@id\":\"https:\/\/conchamoreno.com\/fr\/avis-juridique\/#breadcrumb\"},\"inLanguage\":\"fr-FR\",\"potentialAction\":[{\"@type\":\"ReadAction\",\"target\":[\"https:\/\/conchamoreno.com\/fr\/avis-juridique\/\"]}]},{\"@type\":\"BreadcrumbList\",\"@id\":\"https:\/\/conchamoreno.com\/fr\/avis-juridique\/#breadcrumb\",\"itemListElement\":[{\"@type\":\"ListItem\",\"position\":1,\"name\":\"Portada\",\"item\":\"https:\/\/conchamoreno.com\/\"},{\"@type\":\"ListItem\",\"position\":2,\"name\":\"Avis juridique\"}]},{\"@type\":\"WebSite\",\"@id\":\"https:\/\/conchamoreno.com\/#website\",\"url\":\"https:\/\/conchamoreno.com\/\",\"name\":\"Concha Moreno - Alquiler de apartamentos en Oropesa\",\"description\":\"Inmobiliaria en Oropesa del Mar especializada en el alquiler vacacional. Gestionamos la venta y el alquiler de villas, casas y apartamentos en Oropesa del Mar.\",\"publisher\":{\"@id\":\"https:\/\/conchamoreno.com\/#organization\"},\"potentialAction\":[{\"@type\":\"SearchAction\",\"target\":{\"@type\":\"EntryPoint\",\"urlTemplate\":\"https:\/\/conchamoreno.com\/?s={search_term_string}\"},\"query-input\":{\"@type\":\"PropertyValueSpecification\",\"valueRequired\":true,\"valueName\":\"search_term_string\"}}],\"inLanguage\":\"fr-FR\"},{\"@type\":\"Organization\",\"@id\":\"https:\/\/conchamoreno.com\/#organization\",\"name\":\"Concha Moreno - Alquiler de apartamentos en Oropesa\",\"url\":\"https:\/\/conchamoreno.com\/\",\"logo\":{\"@type\":\"ImageObject\",\"inLanguage\":\"fr-FR\",\"@id\":\"https:\/\/conchamoreno.com\/#\/schema\/logo\/image\/\",\"url\":\"https:\/\/conchamoreno.com\/wp-content\/uploads\/2024\/03\/Logo_Concha-Moreno_Inmobiliaria.jpg\",\"contentUrl\":\"https:\/\/conchamoreno.com\/wp-content\/uploads\/2024\/03\/Logo_Concha-Moreno_Inmobiliaria.jpg\",\"width\":500,\"height\":500,\"caption\":\"Concha Moreno - Alquiler de apartamentos en Oropesa\"},\"image\":{\"@id\":\"https:\/\/conchamoreno.com\/#\/schema\/logo\/image\/\"}}]}<\/script>\n<!-- \/ Yoast SEO plugin. -->","yoast_head_json":{"title":"Avis juridique - Concha Moreno - Alquiler de apartamentos en Oropesa","robots":{"index":"index","follow":"follow","max-snippet":"max-snippet:-1","max-image-preview":"max-image-preview:large","max-video-preview":"max-video-preview:-1"},"canonical":"https:\/\/conchamoreno.com\/fr\/avis-juridique\/","og_locale":"fr_FR","og_type":"article","og_title":"Avis juridique - Concha Moreno - Alquiler de apartamentos en Oropesa","og_description":"Loi sur les services de la soci\u00e9t\u00e9 de l&#8217;information (LSSI) CONCHA MORENO S.L., responsable du site web, ci-apr\u00e8s d\u00e9nomm\u00e9 RESPONSABLE, met \u00e0 la disposition des utilisateurs le pr\u00e9sent document, dans le but de respecter les obligations pr\u00e9vues par la loi 34\/2002, du 11 juillet, sur les services de la soci\u00e9t\u00e9 de l&#8217;information et le commerce [&hellip;]","og_url":"https:\/\/conchamoreno.com\/fr\/avis-juridique\/","og_site_name":"Concha Moreno - Alquiler de apartamentos en Oropesa","article_modified_time":"2025-02-13T18:31:51+00:00","twitter_card":"summary_large_image","twitter_misc":{"Dur\u00e9e de lecture estim\u00e9e":"6 minutes"},"schema":{"@context":"https:\/\/schema.org","@graph":[{"@type":"WebPage","@id":"https:\/\/conchamoreno.com\/fr\/avis-juridique\/","url":"https:\/\/conchamoreno.com\/fr\/avis-juridique\/","name":"Avis juridique - Concha Moreno - Alquiler de apartamentos en Oropesa","isPartOf":{"@id":"https:\/\/conchamoreno.com\/#website"},"datePublished":"2024-05-27T11:00:04+00:00","dateModified":"2025-02-13T18:31:51+00:00","breadcrumb":{"@id":"https:\/\/conchamoreno.com\/fr\/avis-juridique\/#breadcrumb"},"inLanguage":"fr-FR","potentialAction":[{"@type":"ReadAction","target":["https:\/\/conchamoreno.com\/fr\/avis-juridique\/"]}]},{"@type":"BreadcrumbList","@id":"https:\/\/conchamoreno.com\/fr\/avis-juridique\/#breadcrumb","itemListElement":[{"@type":"ListItem","position":1,"name":"Portada","item":"https:\/\/conchamoreno.com\/"},{"@type":"ListItem","position":2,"name":"Avis juridique"}]},{"@type":"WebSite","@id":"https:\/\/conchamoreno.com\/#website","url":"https:\/\/conchamoreno.com\/","name":"Concha Moreno - Alquiler de apartamentos en Oropesa","description":"Inmobiliaria en Oropesa del Mar especializada en el alquiler vacacional. Gestionamos la venta y el alquiler de villas, casas y apartamentos en Oropesa del Mar.","publisher":{"@id":"https:\/\/conchamoreno.com\/#organization"},"potentialAction":[{"@type":"SearchAction","target":{"@type":"EntryPoint","urlTemplate":"https:\/\/conchamoreno.com\/?s={search_term_string}"},"query-input":{"@type":"PropertyValueSpecification","valueRequired":true,"valueName":"search_term_string"}}],"inLanguage":"fr-FR"},{"@type":"Organization","@id":"https:\/\/conchamoreno.com\/#organization","name":"Concha Moreno - Alquiler de apartamentos en Oropesa","url":"https:\/\/conchamoreno.com\/","logo":{"@type":"ImageObject","inLanguage":"fr-FR","@id":"https:\/\/conchamoreno.com\/#\/schema\/logo\/image\/","url":"https:\/\/conchamoreno.com\/wp-content\/uploads\/2024\/03\/Logo_Concha-Moreno_Inmobiliaria.jpg","contentUrl":"https:\/\/conchamoreno.com\/wp-content\/uploads\/2024\/03\/Logo_Concha-Moreno_Inmobiliaria.jpg","width":500,"height":500,"caption":"Concha Moreno - Alquiler de apartamentos en Oropesa"},"image":{"@id":"https:\/\/conchamoreno.com\/#\/schema\/logo\/image\/"}}]}},"_links":{"self":[{"href":"https:\/\/conchamoreno.com\/fr\/wp-json\/wp\/v2\/pages\/35808","targetHints":{"allow":["GET"]}}],"collection":[{"href":"https:\/\/conchamoreno.com\/fr\/wp-json\/wp\/v2\/pages"}],"about":[{"href":"https:\/\/conchamoreno.com\/fr\/wp-json\/wp\/v2\/types\/page"}],"author":[{"embeddable":true,"href":"https:\/\/conchamoreno.com\/fr\/wp-json\/wp\/v2\/users\/266"}],"replies":[{"embeddable":true,"href":"https:\/\/conchamoreno.com\/fr\/wp-json\/wp\/v2\/comments?post=35808"}],"version-history":[{"count":1,"href":"https:\/\/conchamoreno.com\/fr\/wp-json\/wp\/v2\/pages\/35808\/revisions"}],"predecessor-version":[{"id":35809,"href":"https:\/\/conchamoreno.com\/fr\/wp-json\/wp\/v2\/pages\/35808\/revisions\/35809"}],"wp:attachment":[{"href":"https:\/\/conchamoreno.com\/fr\/wp-json\/wp\/v2\/media?parent=35808"}],"curies":[{"name":"wp","href":"https:\/\/api.w.org\/{rel}","templated":true}]}}